{"id":1305,"date":"2013-01-22T12:25:24","date_gmt":"2013-01-22T11:25:24","guid":{"rendered":"http:\/\/dspmobile.de\/test-signals-2\/"},"modified":"2013-01-22T20:24:33","modified_gmt":"2013-01-22T19:24:33","slug":"test-signals","status":"publish","type":"page","link":"https:\/\/www.dspmobile.com\/de\/test-signals\/","title":{"rendered":"Testsignale"},"content":{"rendered":"<p style=\"text-align: justify;\">Hier haben wir einige n\u00fctzliche Testsignale f\u00fcr Akustikmessungen bereitgestellt (L\u00e4nge 1min 20s). Wenn gerade keine Kabel oder Adapter f\u00fcr den Anschluss von iPhone oder iPad vorhanden sind, k\u00f6nnen diese Audiodateien z.B. auf CD gebrannt und dann \u00fcber die HiFi-Anlage abgespielt werden. Und schon kann man mit dem Analyzer den Frequenzgang der HiFi-Anlage messen!<\/p>\n<p style=\"text-align: justify;\">Achtung: Diese Dateien sind keine mp3&#8217;s, sondern unkomprimierte -wav &#8211; Dateien.<\/p>\n<p><a href=\"http:\/\/dspmobile.de\/wp-content\/uploads\/pinkNoise_-9dBFS_44.1kHz_16bit_mono.wav\">pinkNoise_-9dBFS_44.1kHz_16bit_mono<\/a><\/p>\n<p><a href=\"http:\/\/dspmobile.de\/wp-content\/uploads\/whiteNoise_-9dBFS_44.1kHz_16bit_mono.wav\">whiteNoise_-9dBFS_44.1kHz_16bit_mono<\/a><\/p>\n<p><a href=\"http:\/\/dspmobile.de\/wp-content\/uploads\/whiteNoise_-9dBFS_48kHz_16bit_mono.wav\">whiteNoise_-9dBFS_48kHz_16bit_mono<\/a><\/p>\n<p><a href=\"http:\/\/dspmobile.de\/wp-content\/uploads\/pinkNoise_-9dBFS_48kHz_16bit_mono.wav\">pinkNoise_-9dBFS_48kHz_16bit_mono<\/a><\/p>\n","protected":false},"excerpt":{"rendered":"<p>Hier haben wir einige n\u00fctzliche Testsignale f\u00fcr Akustikmessungen bereitgestellt (L\u00e4nge 1min 20s). Wenn gerade keine Kabel oder Adapter f\u00fcr den Anschluss von iPhone oder iPad vorhanden sind, k\u00f6nnen diese Audiodateien z.B. auf CD gebrannt und dann \u00fcber die HiFi-Anlage abgespielt werden. Und schon kann man mit dem Analyzer den Frequenzgang der HiFi-Anlage messen! Achtung: Diese&#8230;<\/p>\n","protected":false},"author":2,"featured_media":0,"parent":0,"menu_order":0,"comment_status":"open","ping_status":"open","template":"","meta":{"footnotes":""},"class_list":["post-1305","page","type-page","status-publish","hentry"],"_links":{"self":[{"href":"https:\/\/www.dspmobile.com\/de\/wp-json\/wp\/v2\/pages\/1305","targetHints":{"allow":["GET"]}}],"collection":[{"href":"https:\/\/www.dspmobile.com\/de\/wp-json\/wp\/v2\/pages"}],"about":[{"href":"https:\/\/www.dspmobile.com\/de\/wp-json\/wp\/v2\/types\/page"}],"author":[{"embeddable":true,"href":"https:\/\/www.dspmobile.com\/de\/wp-json\/wp\/v2\/users\/2"}],"replies":[{"embeddable":true,"href":"https:\/\/www.dspmobile.com\/de\/wp-json\/wp\/v2\/comments?post=1305"}],"version-history":[{"count":9,"href":"https:\/\/www.dspmobile.com\/de\/wp-json\/wp\/v2\/pages\/1305\/revisions"}],"predecessor-version":[{"id":1325,"href":"https:\/\/www.dspmobile.com\/de\/wp-json\/wp\/v2\/pages\/1305\/revisions\/1325"}],"wp:attachment":[{"href":"https:\/\/www.dspmobile.com\/de\/wp-json\/wp\/v2\/media?parent=1305"}],"curies":[{"name":"wp","href":"https:\/\/api.w.org\/{rel}","templated":true}]}}