{"id":1156,"date":"2013-01-19T12:38:28","date_gmt":"2013-01-19T11:38:28","guid":{"rendered":"http:\/\/dspmobile.de\/?page_id=1156"},"modified":"2013-01-21T19:58:24","modified_gmt":"2013-01-21T18:58:24","slug":"ueberuns","status":"publish","type":"page","link":"https:\/\/www.dspmobile.com\/de\/ueberuns\/","title":{"rendered":"\u00dcber uns"},"content":{"rendered":"<p>&nbsp;<\/p>\n<p><img loading=\"lazy\" decoding=\"async\" class=\"size-medium wp-image-83 alignleft\" style=\"border: 1px solid white;\" title=\"realtime 3D audio visualisation\" alt=\"\" src=\"http:\/\/dspmobile.de\/wp-content\/uploads\/screenshotSurfaceMicSimulator-300x159.png\" width=\"328\" height=\"175\" srcset=\"https:\/\/www.dspmobile.com\/wp-content\/uploads\/screenshotSurfaceMicSimulator-300x159.png 300w, https:\/\/www.dspmobile.com\/wp-content\/uploads\/screenshotSurfaceMicSimulator.png 744w\" sizes=\"auto, (max-width: 328px) 100vw, 328px\" \/><\/p>\n<p style=\"text-align: justify;\">DSP Mobile wurde 2011 von Tontechnikern und DSP Spezialisten gegr\u00fcndet.<\/p>\n<p style=\"text-align: justify;\">Wir kombinieren die umfangreichen Ergebnisse unserer Untersuchungen bei der Audio-Analyse und Mustererkennung mit langj\u00e4hrigen Erfahrungen im Bereich Sound-Effekte, um Audio-Apps f\u00fcr die praktische Anwendung in der professionelle Ton- und Studiotechnik und die Zukunft der Augmented Reality zu kreieren.<\/p>\n<p style=\"text-align: justify;\">Unsere Produkte basieren auf einem sehr flexiblen\u00a0 Framework, das f\u00fcr die speziellen Anforderungen an die Signalverarbeitung auf mobilen Endger\u00e4ten konzipiert wurde. Dieses Framework erlaubt es uns, Werkzeuge mit umfangreicher 3D-Visualisierung, Audio-Analyse und Mustererkennung sowie effizienten DSP-Algorithmen herzustellen.<\/p>\n<p>Legal notice:<\/p>\n<p>DSP Mobile UG (haftungsbeschr\u00e4nkt)<br \/>\nEisenbahnstra\u00dfe 198<br \/>\n14542 Werder\/Havel<br \/>\nE-Mail: info@dspmobile.com<br \/>\nInternet:\u00a0<a title=\"home\" href=\"http:\/\/www.dspmobile.com\/\">www.dspmobile.com<\/a><\/p>\n<p>Vertretungsberechtigter Gesch\u00e4ftsf\u00fchrer: Daniel Matzanke<\/p>\n<p>Registergericht: Amtsgericht Potsdam<br \/>\nRegisternummer: HRB 24365 P<\/p>\n<p>Inhaltlich Verantwortlicher gem\u00e4\u00df \u00a7 55 Abs. 2 RStV: Daniel Matzanke (Anschrift wie oben)<\/p>\n<p>Haftungshinweis: Trotz sorgf\u00e4ltiger inhaltlicher Kontrolle \u00fcbernehmen wir keine Haftung f\u00fcr die Inhalte externer Links. F\u00fcr den Inhalt der verlinkten Seiten sind ausschlie\u00dflich deren Betreiber verantwortlich.<\/p>\n<p>&nbsp;<\/p>\n","protected":false},"excerpt":{"rendered":"<p>&nbsp; DSP Mobile wurde 2011 von Tontechnikern und DSP Spezialisten gegr\u00fcndet. Wir kombinieren die umfangreichen Ergebnisse unserer Untersuchungen bei der Audio-Analyse und Mustererkennung mit langj\u00e4hrigen Erfahrungen im Bereich Sound-Effekte, um Audio-Apps f\u00fcr die praktische Anwendung in der professionelle Ton- und Studiotechnik und die Zukunft der Augmented Reality zu kreieren. Unsere Produkte basieren auf einem sehr&#8230;<\/p>\n","protected":false},"author":2,"featured_media":0,"parent":0,"menu_order":0,"comment_status":"closed","ping_status":"open","template":"onecolumn-page.php","meta":{"footnotes":""},"class_list":["post-1156","page","type-page","status-publish","hentry"],"_links":{"self":[{"href":"https:\/\/www.dspmobile.com\/de\/wp-json\/wp\/v2\/pages\/1156","targetHints":{"allow":["GET"]}}],"collection":[{"href":"https:\/\/www.dspmobile.com\/de\/wp-json\/wp\/v2\/pages"}],"about":[{"href":"https:\/\/www.dspmobile.com\/de\/wp-json\/wp\/v2\/types\/page"}],"author":[{"embeddable":true,"href":"https:\/\/www.dspmobile.com\/de\/wp-json\/wp\/v2\/users\/2"}],"replies":[{"embeddable":true,"href":"https:\/\/www.dspmobile.com\/de\/wp-json\/wp\/v2\/comments?post=1156"}],"version-history":[{"count":8,"href":"https:\/\/www.dspmobile.com\/de\/wp-json\/wp\/v2\/pages\/1156\/revisions"}],"predecessor-version":[{"id":1278,"href":"https:\/\/www.dspmobile.com\/de\/wp-json\/wp\/v2\/pages\/1156\/revisions\/1278"}],"wp:attachment":[{"href":"https:\/\/www.dspmobile.com\/de\/wp-json\/wp\/v2\/media?parent=1156"}],"curies":[{"name":"wp","href":"https:\/\/api.w.org\/{rel}","templated":true}]}}