{"id":1154,"date":"2013-01-16T23:31:21","date_gmt":"2013-01-16T22:31:21","guid":{"rendered":"http:\/\/dspmobile.de\/company-2\/"},"modified":"2013-01-19T13:27:57","modified_gmt":"2013-01-19T12:27:57","slug":"firma","status":"publish","type":"page","link":"https:\/\/www.dspmobile.com\/de\/firma\/","title":{"rendered":"Firma"},"content":{"rendered":"<p><a href=\"http:\/\/dspmobile.de\/wp-content\/uploads\/IMG_0011-e1321813332279.jpg\"><img loading=\"lazy\" decoding=\"async\" class=\"alignleft size-medium wp-image-690\" alt=\"measurements devices\" src=\"http:\/\/dspmobile.de\/wp-content\/uploads\/IMG_0011-e1321813332279-225x300.jpg\" width=\"225\" height=\"300\" srcset=\"https:\/\/www.dspmobile.com\/wp-content\/uploads\/IMG_0011-e1321813332279-225x300.jpg 225w, https:\/\/www.dspmobile.com\/wp-content\/uploads\/IMG_0011-e1321813332279.jpg 720w\" sizes=\"auto, (max-width: 225px) 100vw, 225px\" \/><\/a><\/p>\n<p>DSP Mobile UG (haftungsbeschr\u00e4nkt)<\/p>\n<p>Eisenbahnstra\u00dfe 198<br \/>\n14542 Werder\/Havel<br \/>\nE-Mail: info@dspmobile.com<br \/>\nInternet:\u00a0<a title=\"home\" href=\"http:\/\/www.dspmobile.com\/\">www.dspmobile.com<\/a><\/p>\n<p>Vertretungsberechtigter Gesch\u00e4ftsf\u00fchrer: Daniel Matzanke<\/p>\n<p>Registergericht: Amtsgericht Potsdam<br \/>\nRegisternummer: HRB 24365 P<\/p>\n<p>Inhaltlich Verantwortlicher gem\u00e4\u00df \u00a7 55 Abs. 2 RStV: Daniel Matzanke (Anschrift wie oben)<\/p>\n<p>Haftungshinweis: Trotz sorgf\u00e4ltiger inhaltlicher Kontrolle \u00fcbernehmen wir keine Haftung f\u00fcr die Inhalte externer Links. F\u00fcr den Inhalt der verlinkten Seiten sind ausschlie\u00dflich deren Betreiber verantwortlich.<\/p>\n","protected":false},"excerpt":{"rendered":"<p>DSP Mobile UG (haftungsbeschr\u00e4nkt) Eisenbahnstra\u00dfe 198 14542 Werder\/Havel E-Mail: info@dspmobile.com Internet:\u00a0www.dspmobile.com Vertretungsberechtigter Gesch\u00e4ftsf\u00fchrer: Daniel Matzanke Registergericht: Amtsgericht Potsdam Registernummer: HRB 24365 P Inhaltlich Verantwortlicher gem\u00e4\u00df \u00a7 55 Abs. 2 RStV: Daniel Matzanke (Anschrift wie oben) Haftungshinweis: Trotz sorgf\u00e4ltiger inhaltlicher Kontrolle \u00fcbernehmen wir keine Haftung f\u00fcr die Inhalte externer Links. F\u00fcr den Inhalt der verlinkten Seiten&#8230;<\/p>\n","protected":false},"author":2,"featured_media":0,"parent":0,"menu_order":0,"comment_status":"closed","ping_status":"closed","template":"onecolumn-page.php","meta":{"footnotes":""},"class_list":["post-1154","page","type-page","status-publish","hentry"],"_links":{"self":[{"href":"https:\/\/www.dspmobile.com\/de\/wp-json\/wp\/v2\/pages\/1154","targetHints":{"allow":["GET"]}}],"collection":[{"href":"https:\/\/www.dspmobile.com\/de\/wp-json\/wp\/v2\/pages"}],"about":[{"href":"https:\/\/www.dspmobile.com\/de\/wp-json\/wp\/v2\/types\/page"}],"author":[{"embeddable":true,"href":"https:\/\/www.dspmobile.com\/de\/wp-json\/wp\/v2\/users\/2"}],"replies":[{"embeddable":true,"href":"https:\/\/www.dspmobile.com\/de\/wp-json\/wp\/v2\/comments?post=1154"}],"version-history":[{"count":2,"href":"https:\/\/www.dspmobile.com\/de\/wp-json\/wp\/v2\/pages\/1154\/revisions"}],"predecessor-version":[{"id":1197,"href":"https:\/\/www.dspmobile.com\/de\/wp-json\/wp\/v2\/pages\/1154\/revisions\/1197"}],"wp:attachment":[{"href":"https:\/\/www.dspmobile.com\/de\/wp-json\/wp\/v2\/media?parent=1154"}],"curies":[{"name":"wp","href":"https:\/\/api.w.org\/{rel}","templated":true}]}}